{"id":365,"date":"2023-05-16T11:15:59","date_gmt":"2023-05-16T14:15:59","guid":{"rendered":"http:\/\/sion2.frm.utn.edu.ar\/labauger\/?page_id=365"},"modified":"2023-09-04T12:30:16","modified_gmt":"2023-09-04T15:30:16","slug":"educacion-2","status":"publish","type":"page","link":"https:\/\/sion2.frm.utn.edu.ar\/labauger\/?page_id=365","title":{"rendered":"QUBIC"},"content":{"rendered":"\t\t<div data-elementor-type=\"wp-page\" data-elementor-id=\"365\" class=\"elementor elementor-365\">\n\t\t\t\t\t\t\t\t\t<section class=\"elementor-section elementor-top-section elementor-element elementor-element-4ad5312a elementor-section-boxed elementor-section-height-default elementor-section-height-default\" data-id=\"4ad5312a\" data-element_type=\"section\" data-settings=\"{&quot;background_background&quot;:&quot;classic&quot;}\">\n\t\t\t\t\t\t<div class=\"elementor-container elementor-column-gap-default\">\n\t\t\t\t\t<div class=\"elementor-column elementor-col-100 elementor-top-column elementor-element elementor-element-52f5d2b2\" data-id=\"52f5d2b2\" data-element_type=\"column\">\n\t\t\t<div class=\"elementor-widget-wrap elementor-element-populated\">\n\t\t\t\t\t\t\t\t<div class=\"elementor-element elementor-element-54520515 elementor-widget__width-auto elementor-absolute elementor-hidden-phone elementor-widget elementor-widget-image\" data-id=\"54520515\" data-element_type=\"widget\" data-settings=\"{&quot;_position&quot;:&quot;absolute&quot;}\" data-widget_type=\"image.default\">\n\t\t\t\t<div class=\"elementor-widget-container\">\n\t\t\t<style>\/*! elementor - v3.18.0 - 20-12-2023 *\/\n.elementor-widget-image{text-align:center}.elementor-widget-image a{display:inline-block}.elementor-widget-image a img[src$=\".svg\"]{width:48px}.elementor-widget-image img{vertical-align:middle;display:inline-block}<\/style>\t\t\t\t\t\t\t\t\t\t\t\t<img fetchpriority=\"high\" decoding=\"async\" width=\"580\" height=\"321\" src=\"https:\/\/sion2.frm.utn.edu.ar\/labauger\/wp-content\/uploads\/2023\/05\/Wave-6.png\" class=\"attachment-large size-large wp-image-60\" alt=\"\" srcset=\"https:\/\/sion2.frm.utn.edu.ar\/labauger\/wp-content\/uploads\/2023\/05\/Wave-6.png 580w, https:\/\/sion2.frm.utn.edu.ar\/labauger\/wp-content\/uploads\/2023\/05\/Wave-6-300x166.png 300w\" sizes=\"(max-width: 580px) 100vw, 580px\" \/>\t\t\t\t\t\t\t\t\t\t\t\t\t\t\t<\/div>\n\t\t\t\t<\/div>\n\t\t\t\t<div class=\"elementor-element elementor-element-7c1af2a5 elementor-widget__width-auto elementor-absolute elementor-hidden-phone elementor-widget elementor-widget-image\" data-id=\"7c1af2a5\" data-element_type=\"widget\" data-settings=\"{&quot;_position&quot;:&quot;absolute&quot;}\" data-widget_type=\"image.default\">\n\t\t\t\t<div class=\"elementor-widget-container\">\n\t\t\t\t\t\t\t\t\t\t\t\t\t\t\t<img decoding=\"async\" width=\"590\" height=\"396\" src=\"https:\/\/sion2.frm.utn.edu.ar\/labauger\/wp-content\/uploads\/2023\/05\/Wave-7.png\" class=\"attachment-large size-large wp-image-61\" alt=\"\" srcset=\"https:\/\/sion2.frm.utn.edu.ar\/labauger\/wp-content\/uploads\/2023\/05\/Wave-7.png 590w, https:\/\/sion2.frm.utn.edu.ar\/labauger\/wp-content\/uploads\/2023\/05\/Wave-7-300x201.png 300w\" sizes=\"(max-width: 590px) 100vw, 590px\" \/>\t\t\t\t\t\t\t\t\t\t\t\t\t\t\t<\/div>\n\t\t\t\t<\/div>\n\t\t\t\t<div class=\"elementor-element elementor-element-42844c7e elementor-invisible elementor-widget elementor-widget-heading\" data-id=\"42844c7e\" data-element_type=\"widget\" data-settings=\"{&quot;_animation&quot;:&quot;fadeInUp&quot;}\" data-widget_type=\"heading.default\">\n\t\t\t\t<div class=\"elementor-widget-container\">\n\t\t\t<style>\/*! elementor - v3.18.0 - 20-12-2023 *\/\n.elementor-heading-title{padding:0;margin:0;line-height:1}.elementor-widget-heading .elementor-heading-title[class*=elementor-size-]>a{color:inherit;font-size:inherit;line-height:inherit}.elementor-widget-heading .elementor-heading-title.elementor-size-small{font-size:15px}.elementor-widget-heading .elementor-heading-title.elementor-size-medium{font-size:19px}.elementor-widget-heading .elementor-heading-title.elementor-size-large{font-size:29px}.elementor-widget-heading .elementor-heading-title.elementor-size-xl{font-size:39px}.elementor-widget-heading .elementor-heading-title.elementor-size-xxl{font-size:59px}<\/style><h1 class=\"elementor-heading-title elementor-size-default\">QUBIC<\/h1>\t\t<\/div>\n\t\t\t\t<\/div>\n\t\t\t\t<section class=\"elementor-section elementor-inner-section elementor-element elementor-element-141e13c3 elementor-section-boxed elementor-section-height-default elementor-section-height-default elementor-invisible\" data-id=\"141e13c3\" data-element_type=\"section\" data-settings=\"{&quot;animation&quot;:&quot;fadeInUp&quot;}\">\n\t\t\t\t\t\t<div class=\"elementor-container elementor-column-gap-default\">\n\t\t\t\t\t<div class=\"elementor-column elementor-col-33 elementor-inner-column elementor-element elementor-element-498c7c23\" data-id=\"498c7c23\" data-element_type=\"column\">\n\t\t\t<div class=\"elementor-widget-wrap elementor-element-populated\">\n\t\t\t\t\t\t\t\t<div class=\"elementor-element elementor-element-56bd4bf5 elementor-widget elementor-widget-heading\" data-id=\"56bd4bf5\" data-element_type=\"widget\" data-widget_type=\"heading.default\">\n\t\t\t\t<div class=\"elementor-widget-container\">\n\t\t\t<p class=\"elementor-heading-title elementor-size-default\"><b>QUBIC<\/b> es un proyecto internacional de cosmolog\u00eda experimental que tiene como objetivo medir el modo B en la polarizaci\u00f3n de la radiaci\u00f3n de fondo en microondas, a fin de descubrir qu\u00e9 ocurri\u00f3 en los primeros instantes despu\u00e9s del nacimiento del Univeso.<\/p>\t\t<\/div>\n\t\t\t\t<\/div>\n\t\t\t\t\t<\/div>\n\t\t<\/div>\n\t\t\t\t<div class=\"elementor-column elementor-col-33 elementor-inner-column elementor-element elementor-element-32d10779\" data-id=\"32d10779\" data-element_type=\"column\">\n\t\t\t<div class=\"elementor-widget-wrap elementor-element-populated\">\n\t\t\t\t\t\t\t\t<div class=\"elementor-element elementor-element-1be491c6 elementor-widget elementor-widget-image\" data-id=\"1be491c6\" data-element_type=\"widget\" data-widget_type=\"image.default\">\n\t\t\t\t<div class=\"elementor-widget-container\">\n\t\t\t\t\t\t\t\t\t\t\t\t\t\t\t<img decoding=\"async\" width=\"2\" height=\"28\" src=\"https:\/\/sion2.frm.utn.edu.ar\/labauger\/wp-content\/uploads\/2023\/05\/Path.png\" class=\"attachment-large size-large wp-image-62\" alt=\"\" \/>\t\t\t\t\t\t\t\t\t\t\t\t\t\t\t<\/div>\n\t\t\t\t<\/div>\n\t\t\t\t\t<\/div>\n\t\t<\/div>\n\t\t\t\t<div class=\"elementor-column elementor-col-33 elementor-inner-column elementor-element elementor-element-5a3a6866\" data-id=\"5a3a6866\" data-element_type=\"column\">\n\t\t\t<div class=\"elementor-widget-wrap elementor-element-populated\">\n\t\t\t\t\t\t\t\t<div class=\"elementor-element elementor-element-c3bf2f9 elementor-widget elementor-widget-image\" data-id=\"c3bf2f9\" data-element_type=\"widget\" data-widget_type=\"image.default\">\n\t\t\t\t<div class=\"elementor-widget-container\">\n\t\t\t\t\t\t\t\t\t\t\t\t\t\t\t\t<a href=\"https:\/\/www.qubic.org.ar\/\">\n\t\t\t\t\t\t\t<img loading=\"lazy\" decoding=\"async\" width=\"300\" height=\"216\" src=\"https:\/\/sion2.frm.utn.edu.ar\/labauger\/wp-content\/uploads\/2023\/09\/QUBIC-300x216.jpg\" class=\"attachment-medium size-medium wp-image-704\" alt=\"\" srcset=\"https:\/\/sion2.frm.utn.edu.ar\/labauger\/wp-content\/uploads\/2023\/09\/QUBIC-300x216.jpg 300w, https:\/\/sion2.frm.utn.edu.ar\/labauger\/wp-content\/uploads\/2023\/09\/QUBIC-768x554.jpg 768w, https:\/\/sion2.frm.utn.edu.ar\/labauger\/wp-content\/uploads\/2023\/09\/QUBIC.jpg 908w\" sizes=\"(max-width: 300px) 100vw, 300px\" \/>\t\t\t\t\t\t\t\t<\/a>\n\t\t\t\t\t\t\t\t\t\t\t\t\t\t\t<\/div>\n\t\t\t\t<\/div>\n\t\t\t\t\t<\/div>\n\t\t<\/div>\n\t\t\t\t\t\t\t<\/div>\n\t\t<\/section>\n\t\t\t\t\t<\/div>\n\t\t<\/div>\n\t\t\t\t\t\t\t<\/div>\n\t\t<\/section>\n\t\t\t\t<section class=\"elementor-section elementor-top-section elementor-element elementor-element-d1cc5a1 elementor-section-boxed elementor-section-height-default elementor-section-height-default\" data-id=\"d1cc5a1\" data-element_type=\"section\">\n\t\t\t\t\t\t<div class=\"elementor-container elementor-column-gap-default\">\n\t\t\t\t\t<div class=\"elementor-column elementor-col-66 elementor-top-column elementor-element elementor-element-2667fd1\" data-id=\"2667fd1\" data-element_type=\"column\">\n\t\t\t<div class=\"elementor-widget-wrap elementor-element-populated\">\n\t\t\t\t\t\t\t\t<div class=\"elementor-element elementor-element-4cb0dc4 elementor-widget elementor-widget-text-editor\" data-id=\"4cb0dc4\" data-element_type=\"widget\" data-widget_type=\"text-editor.default\">\n\t\t\t\t<div class=\"elementor-widget-container\">\n\t\t\t<style>\/*! elementor - v3.18.0 - 20-12-2023 *\/\n.elementor-widget-text-editor.elementor-drop-cap-view-stacked .elementor-drop-cap{background-color:#69727d;color:#fff}.elementor-widget-text-editor.elementor-drop-cap-view-framed .elementor-drop-cap{color:#69727d;border:3px solid;background-color:transparent}.elementor-widget-text-editor:not(.elementor-drop-cap-view-default) .elementor-drop-cap{margin-top:8px}.elementor-widget-text-editor:not(.elementor-drop-cap-view-default) .elementor-drop-cap-letter{width:1em;height:1em}.elementor-widget-text-editor .elementor-drop-cap{float:left;text-align:center;line-height:1;font-size:50px}.elementor-widget-text-editor .elementor-drop-cap-letter{display:inline-block}<\/style>\t\t\t\t<header class=\"entry-header\"><h1 class=\"entry-title\">EL SITIO<\/h1><\/header><div class=\"entry-content\"><p>La elecci\u00f3n del sitio para realizar mediciones astrof\u00edsicas de envergadura depende de un conjunto\u00a0de factores, entre ellos los relacionados con la claridad del cielos, la temperatura, la velocidad\u00a0del viento y la humedad relativa del aire (que es el par\u00e1metro cr\u00edtico si se procura registrar\u00a0microondas, pues la humedad afecta la sensibilidad del instrumento). La geolog\u00eda, la accesibilidad,\u00a0las comunicaciones (en particular el acceso a internet), el apoyo local y la posibilidad de incorporar\u00a0personal local de diferentes niveles, tambi\u00e9n forman parte de esos factores.<\/p><p>El sitio de Alto Chorrillos ya hab\u00eda sido evaluado y elegido para instalar un radiotelescopio llamado Large Latin American Millimetre Array (LLAMA), producto de la cooperaci\u00f3n cient\u00edfica argentino-brasile\u00f1a. Para hacerlo, el Conicet obtuvo en comodato por veinte a\u00f1os del gobierno provincial un\u00a0\u00e1rea de 400ha. Para QUBIC\u00a0 se necesita poco m\u00e1s de 1ha.<\/p><p>\u00a0<\/p><p>Las coordenadas geogr\u00e1ficas de QUBIC son:<\/p><p>24.186971 Sur,\u00a0 66.478209 Oeste<\/p><p>\u00a0<\/p><p>El emplazamiento de esta clase de instalaciones posicionar\u00e1 a la puna salte\u00f1a como polo\u00a0tecnol\u00f3gico y astron\u00f3mico a nivel global, y traer\u00e1 aparejada la necesidad de mejorar, entre otras\u00a0cosas, la provisi\u00f3n de energ\u00eda, las comunicaciones y los caminos de acceso al sitio, as\u00ed como de\u00a0construir en este y posiblemente en San Antonio de los Cobres, sendas sedes que incluyan\u00a0laboratorios y puedan ser compartidas por QUBIC y LLAMA. Adem\u00e1s de ciertos beneficios\u00a0econ\u00f3micos para los pobladores de San Antonio de los Cobres en forma de demanda de bienes y\u00a0servicios, y oferta de empleo.<\/p><\/div>\t\t\t\t\t\t<\/div>\n\t\t\t\t<\/div>\n\t\t\t\t\t<\/div>\n\t\t<\/div>\n\t\t\t\t<div class=\"elementor-column elementor-col-33 elementor-top-column elementor-element elementor-element-52bd70d\" data-id=\"52bd70d\" data-element_type=\"column\">\n\t\t\t<div class=\"elementor-widget-wrap elementor-element-populated\">\n\t\t\t\t\t\t\t\t<div class=\"elementor-element elementor-element-da0d975 elementor-widget elementor-widget-image\" data-id=\"da0d975\" data-element_type=\"widget\" data-widget_type=\"image.default\">\n\t\t\t\t<div class=\"elementor-widget-container\">\n\t\t\t\t\t\t\t\t\t\t\t\t\t\t\t<img loading=\"lazy\" decoding=\"async\" width=\"800\" height=\"807\" src=\"https:\/\/sion2.frm.utn.edu.ar\/labauger\/wp-content\/uploads\/2023\/09\/sitio.jpg\" class=\"attachment-large size-large wp-image-706\" alt=\"\" srcset=\"https:\/\/sion2.frm.utn.edu.ar\/labauger\/wp-content\/uploads\/2023\/09\/sitio.jpg 944w, https:\/\/sion2.frm.utn.edu.ar\/labauger\/wp-content\/uploads\/2023\/09\/sitio-297x300.jpg 297w, https:\/\/sion2.frm.utn.edu.ar\/labauger\/wp-content\/uploads\/2023\/09\/sitio-150x150.jpg 150w, https:\/\/sion2.frm.utn.edu.ar\/labauger\/wp-content\/uploads\/2023\/09\/sitio-768x775.jpg 768w\" sizes=\"(max-width: 800px) 100vw, 800px\" \/>\t\t\t\t\t\t\t\t\t\t\t\t\t\t\t<\/div>\n\t\t\t\t<\/div>\n\t\t\t\t<div class=\"elementor-element elementor-element-be748b5 elementor-widget elementor-widget-image\" data-id=\"be748b5\" data-element_type=\"widget\" data-widget_type=\"image.default\">\n\t\t\t\t<div class=\"elementor-widget-container\">\n\t\t\t\t\t\t\t\t\t\t\t\t<figure class=\"wp-caption\">\n\t\t\t\t\t\t\t\t\t\t<img loading=\"lazy\" decoding=\"async\" width=\"300\" height=\"176\" src=\"https:\/\/sion2.frm.utn.edu.ar\/labauger\/wp-content\/uploads\/2023\/09\/SAN-ANTONIO_mod-scaled-1-300x176.jpg\" class=\"attachment-medium size-medium wp-image-705\" alt=\"\" srcset=\"https:\/\/sion2.frm.utn.edu.ar\/labauger\/wp-content\/uploads\/2023\/09\/SAN-ANTONIO_mod-scaled-1-300x176.jpg 300w, https:\/\/sion2.frm.utn.edu.ar\/labauger\/wp-content\/uploads\/2023\/09\/SAN-ANTONIO_mod-scaled-1-1024x601.jpg 1024w, https:\/\/sion2.frm.utn.edu.ar\/labauger\/wp-content\/uploads\/2023\/09\/SAN-ANTONIO_mod-scaled-1-768x451.jpg 768w, https:\/\/sion2.frm.utn.edu.ar\/labauger\/wp-content\/uploads\/2023\/09\/SAN-ANTONIO_mod-scaled-1-1536x901.jpg 1536w, https:\/\/sion2.frm.utn.edu.ar\/labauger\/wp-content\/uploads\/2023\/09\/SAN-ANTONIO_mod-scaled-1-2048x1202.jpg 2048w\" sizes=\"(max-width: 300px) 100vw, 300px\" \/>\t\t\t\t\t\t\t\t\t\t\t<figcaption class=\"widget-image-caption wp-caption-text\">San Antonio de los Cobres<\/figcaption>\n\t\t\t\t\t\t\t\t\t\t<\/figure>\n\t\t\t\t\t\t\t\t\t<\/div>\n\t\t\t\t<\/div>\n\t\t\t\t\t<\/div>\n\t\t<\/div>\n\t\t\t\t\t\t\t<\/div>\n\t\t<\/section>\n\t\t\t\t<section class=\"elementor-section elementor-top-section elementor-element elementor-element-c684e2f elementor-section-boxed elementor-section-height-default elementor-section-height-default\" data-id=\"c684e2f\" data-element_type=\"section\">\n\t\t\t\t\t\t<div class=\"elementor-container elementor-column-gap-default\">\n\t\t\t\t\t<div class=\"elementor-column elementor-col-66 elementor-top-column elementor-element elementor-element-dc21c53\" data-id=\"dc21c53\" data-element_type=\"column\">\n\t\t\t<div class=\"elementor-widget-wrap elementor-element-populated\">\n\t\t\t\t\t\t\t\t<div class=\"elementor-element elementor-element-f45fcc2 elementor-widget elementor-widget-text-editor\" data-id=\"f45fcc2\" data-element_type=\"widget\" data-widget_type=\"text-editor.default\">\n\t\t\t\t<div class=\"elementor-widget-container\">\n\t\t\t\t\t\t\t<header class=\"entry-header\"><h1 class=\"entry-title\">EL INSTRUMENTO<\/h1><\/header><div class=\"entry-content\"><p>El fondo c\u00f3smico de microondas (CMB\u00a0 por sus siglas en ingl\u00e9s) es la radiaci\u00f3n remanente, reliquia del\u00a0origen del Universo, que qued\u00f3 a partir del desacoplamiento de los fotones de la materia, evento que tuvo lugar durante el Universo temprano, 380.000 a\u00f1os despu\u00e9s del Big Bang. Su detecci\u00f3n en 1964 y la de sus muy peque\u00f1as fluctuaciones de temperatura en 1992, gracias al sat\u00e9lite COBE -ambos descubrimientos celebrados por premios Nobel- se encuentran entre los principales avances cient\u00edficos del siglo XX. Las misiones WMAP (2001-2010) y Planck (2009-2013) mejoraron la resoluci\u00f3n angular y alcanzaron una mayor sensibilidad en las mediciones.<\/p><p>Los estudios profundizados en el siglo XXI por los telescopios espaciales WMAP y Planck, nos han llevado a una comprensi\u00f3n m\u00e1s profunda de la historia de nuestro Universo.<\/p><p>La muy d\u00e9bil se\u00f1al polarizada de la CMB requiere experimentos a\u00fan m\u00e1s complejos y sensibles\u00a0que los desarrollados hasta el momento para poder detectarla. Para enfrentar este desaf\u00edo, la\u00a0Colaboraci\u00f3n en el Proyecto QUBIC ha desarrollado un instrumento completamente novedoso. El\u00a0mismo est\u00e1 encerrado en una carcasa cil\u00edndrica o criostato de 1,8m de alto y 1,6m de di\u00e1metro,\u00a0que lo protege y mantiene a -269\u00b0C. Est\u00e1 abierto al cielo por una ventana de 45cm de di\u00e1metro de\u00a0polietileno r\u00edgido de alta densidad, transparente a la radiaci\u00f3n de microondas que el experimento procura medir; examina meticulosa y detalladamente el espacio en dos frecuencias: 150 y 220GHz, y registra dicha radiaci\u00f3n con una novedosa t\u00e9cnica, h\u00edbrida entre dos t\u00e9cnicas utilizadas en estudios de CMB (llamadas respectivamente interferometr\u00eda y bolometr\u00eda) mediante un conjunto de 1024 fotodetectores, cuyas se\u00f1ales permiten analizar las caracter\u00edsticas de la radiaci\u00f3n en estudio.\u00a0 Para detectar la se\u00f1al, el criostato estar\u00e1 refrigerado\u00a0globalmente a 4K (correspondiente a -269,15 \u00b0C, solo 4\u00b0C, por sobre el cero absoluto), pero los\u00a0sensores bolom\u00e9tricos deben trabajar a temperaturas 10 veces menores (~300 mK). Esto implica el\u00a0dise\u00f1o de un complejo sistema de refrigeraci\u00f3n, especialmente dise\u00f1ado para QUBIC.<\/p><p>El instrumento fue dise\u00f1ado por los integrantes de la colaboraci\u00f3n internacional QUBIC y est\u00e1 en\u00a0construcci\u00f3n en diferentes laboratorios e institutos argentinos y europeos. En Francia se trabaja\u00a0sobre los detectores, el dise\u00f1o de la mec\u00e1nica de estos, la electr\u00f3nica de lectura y la\u00a0programaci\u00f3n; en Italia, sobre el cri\u00f3stato, los espejos, las bocinas de las antenas y los conectores;\u00a0en Irlanda, sobre simulaciones \u00f3pticas; en Inglaterra, sobre el dise\u00f1o del detector de bocinas, la\u00a0criogenia interna, los filtros y el polarizador, y en la Argentina, sobre la adecuaci\u00f3n del sitio, su\u00a0infraestructura y el dise\u00f1o mec\u00e1nico de la montura.<\/p><p>Argentina cuenta con experiencia en construir y operar instalaciones para grandes proyectos de\u00a0f\u00edsica experimental, por ejemplo, por su participaci\u00f3n en el observatorio de rayos c\u00f3smicos Pierre\u00a0Auger, ubicado en Malarg\u00fce, Mendoza.<\/p><\/div>\t\t\t\t\t\t<\/div>\n\t\t\t\t<\/div>\n\t\t\t\t\t<\/div>\n\t\t<\/div>\n\t\t\t\t<div class=\"elementor-column elementor-col-33 elementor-top-column elementor-element elementor-element-0075fe2\" data-id=\"0075fe2\" data-element_type=\"column\">\n\t\t\t<div class=\"elementor-widget-wrap elementor-element-populated\">\n\t\t\t\t\t\t\t\t<div class=\"elementor-element elementor-element-a4b5a8c elementor-widget elementor-widget-image\" data-id=\"a4b5a8c\" data-element_type=\"widget\" data-widget_type=\"image.default\">\n\t\t\t\t<div class=\"elementor-widget-container\">\n\t\t\t\t\t\t\t\t\t\t\t\t\t\t\t<img loading=\"lazy\" decoding=\"async\" width=\"250\" height=\"300\" src=\"https:\/\/sion2.frm.utn.edu.ar\/labauger\/wp-content\/uploads\/2023\/09\/instrumento2bb-250x300-1.png\" class=\"attachment-large size-large wp-image-707\" alt=\"\" \/>\t\t\t\t\t\t\t\t\t\t\t\t\t\t\t<\/div>\n\t\t\t\t<\/div>\n\t\t\t\t<div class=\"elementor-element elementor-element-e5c583b elementor-widget elementor-widget-image\" data-id=\"e5c583b\" data-element_type=\"widget\" data-widget_type=\"image.default\">\n\t\t\t\t<div class=\"elementor-widget-container\">\n\t\t\t\t\t\t\t\t\t\t\t\t<figure class=\"wp-caption\">\n\t\t\t\t\t\t\t\t\t\t<img loading=\"lazy\" decoding=\"async\" width=\"400\" height=\"261\" src=\"https:\/\/sion2.frm.utn.edu.ar\/labauger\/wp-content\/uploads\/2023\/09\/inauguracion-qbic-observatorio-salta.jpg\" class=\"attachment-large size-large wp-image-708\" alt=\"\" srcset=\"https:\/\/sion2.frm.utn.edu.ar\/labauger\/wp-content\/uploads\/2023\/09\/inauguracion-qbic-observatorio-salta.jpg 400w, https:\/\/sion2.frm.utn.edu.ar\/labauger\/wp-content\/uploads\/2023\/09\/inauguracion-qbic-observatorio-salta-300x196.jpg 300w\" sizes=\"(max-width: 400px) 100vw, 400px\" \/>\t\t\t\t\t\t\t\t\t\t\t<figcaption class=\"widget-image-caption wp-caption-text\">Cr\u00e9ditos: MINCyT<\/figcaption>\n\t\t\t\t\t\t\t\t\t\t<\/figure>\n\t\t\t\t\t\t\t\t\t<\/div>\n\t\t\t\t<\/div>\n\t\t\t\t\t<\/div>\n\t\t<\/div>\n\t\t\t\t\t\t\t<\/div>\n\t\t<\/section>\n\t\t\t\t<section class=\"elementor-section elementor-top-section elementor-element elementor-element-2b701f0 elementor-section-boxed elementor-section-height-default elementor-section-height-default\" data-id=\"2b701f0\" data-element_type=\"section\">\n\t\t\t\t\t\t<div class=\"elementor-container elementor-column-gap-default\">\n\t\t\t\t\t<div class=\"elementor-column elementor-col-100 elementor-top-column elementor-element elementor-element-f30cec8\" data-id=\"f30cec8\" data-element_type=\"column\">\n\t\t\t<div class=\"elementor-widget-wrap\">\n\t\t\t\t\t\t\t\t\t<\/div>\n\t\t<\/div>\n\t\t\t\t\t\t\t<\/div>\n\t\t<\/section>\n\t\t\t\t\t\t\t<\/div>\n\t\t","protected":false},"excerpt":{"rendered":"<p>QUBIC QUBIC es un proyecto internacional de cosmolog\u00eda experimental que tiene como objetivo medir el modo B en la polarizaci\u00f3n de la radiaci\u00f3n de fondo en microondas, a fin de descubrir qu\u00e9 ocurri\u00f3 en los primeros instantes despu\u00e9s del nacimiento del Univeso. EL SITIO La elecci\u00f3n del sitio para realizar mediciones astrof\u00edsicas de envergadura depende [&hellip;]<\/p>\n","protected":false},"author":1,"featured_media":704,"parent":0,"menu_order":0,"comment_status":"closed","ping_status":"closed","template":"elementor_header_footer","meta":{"footnotes":""},"class_list":["post-365","page","type-page","status-publish","has-post-thumbnail","hentry"],"_links":{"self":[{"href":"https:\/\/sion2.frm.utn.edu.ar\/labauger\/index.php?rest_route=\/wp\/v2\/pages\/365","targetHints":{"allow":["GET"]}}],"collection":[{"href":"https:\/\/sion2.frm.utn.edu.ar\/labauger\/index.php?rest_route=\/wp\/v2\/pages"}],"about":[{"href":"https:\/\/sion2.frm.utn.edu.ar\/labauger\/index.php?rest_route=\/wp\/v2\/types\/page"}],"author":[{"embeddable":true,"href":"https:\/\/sion2.frm.utn.edu.ar\/labauger\/index.php?rest_route=\/wp\/v2\/users\/1"}],"replies":[{"embeddable":true,"href":"https:\/\/sion2.frm.utn.edu.ar\/labauger\/index.php?rest_route=%2Fwp%2Fv2%2Fcomments&post=365"}],"version-history":[{"count":11,"href":"https:\/\/sion2.frm.utn.edu.ar\/labauger\/index.php?rest_route=\/wp\/v2\/pages\/365\/revisions"}],"predecessor-version":[{"id":711,"href":"https:\/\/sion2.frm.utn.edu.ar\/labauger\/index.php?rest_route=\/wp\/v2\/pages\/365\/revisions\/711"}],"wp:featuredmedia":[{"embeddable":true,"href":"https:\/\/sion2.frm.utn.edu.ar\/labauger\/index.php?rest_route=\/wp\/v2\/media\/704"}],"wp:attachment":[{"href":"https:\/\/sion2.frm.utn.edu.ar\/labauger\/index.php?rest_route=%2Fwp%2Fv2%2Fmedia&parent=365"}],"curies":[{"name":"wp","href":"https:\/\/api.w.org\/{rel}","templated":true}]}}