{"id":447,"date":"2023-05-21T18:08:24","date_gmt":"2023-05-21T21:08:24","guid":{"rendered":"http:\/\/sion2.frm.utn.edu.ar\/labauger\/?page_id=447"},"modified":"2023-06-12T19:42:57","modified_gmt":"2023-06-12T22:42:57","slug":"astronomia-inclusiva","status":"publish","type":"page","link":"https:\/\/sion2.frm.utn.edu.ar\/labauger\/?page_id=447","title":{"rendered":"Astronom\u00eda Inclusiva"},"content":{"rendered":"\t\t<div data-elementor-type=\"wp-page\" data-elementor-id=\"447\" class=\"elementor elementor-447\">\n\t\t\t\t\t\t\t\t\t<section class=\"elementor-section elementor-top-section elementor-element elementor-element-1a34de2 elementor-section-boxed elementor-section-height-default elementor-section-height-default\" data-id=\"1a34de2\" data-element_type=\"section\" data-settings=\"{&quot;background_background&quot;:&quot;gradient&quot;}\">\n\t\t\t\t\t\t\t<div class=\"elementor-background-overlay\"><\/div>\n\t\t\t\t\t\t\t<div class=\"elementor-container elementor-column-gap-default\">\n\t\t\t\t\t<div class=\"elementor-column elementor-col-100 elementor-top-column elementor-element elementor-element-113b002\" data-id=\"113b002\" data-element_type=\"column\">\n\t\t\t<div class=\"elementor-widget-wrap elementor-element-populated\">\n\t\t\t\t\t\t\t\t<div class=\"elementor-element elementor-element-f34d81a elementor-pagination-position-outside elementor-widget__width-initial elementor--h-position-center elementor--v-position-middle elementor-widget elementor-widget-slides\" data-id=\"f34d81a\" data-element_type=\"widget\" data-settings=\"{&quot;navigation&quot;:&quot;dots&quot;,&quot;transition&quot;:&quot;slide&quot;,&quot;transition_speed&quot;:500}\" data-widget_type=\"slides.default\">\n\t\t\t\t<div class=\"elementor-widget-container\">\n\t\t\t<style>\/*! elementor-pro - v3.8.1 - 07-11-2022 *\/\n.elementor-slides .swiper-slide-bg{background-size:cover;background-position:50%;background-repeat:no-repeat;min-width:100%;min-height:100%}.elementor-slides .swiper-slide-inner{background-repeat:no-repeat;background-position:50%;position:absolute;top:0;left:0;bottom:0;right:0;padding:50px;margin:auto}.elementor-slides .swiper-slide-inner,.elementor-slides .swiper-slide-inner:hover{color:#fff;display:-webkit-box;display:-ms-flexbox;display:flex}.elementor-slides .swiper-slide-inner .elementor-background-overlay{position:absolute;z-index:0;top:0;bottom:0;left:0;right:0}.elementor-slides .swiper-slide-inner .elementor-slide-content{position:relative;z-index:1;width:100%}.elementor-slides .swiper-slide-inner .elementor-slide-heading{font-size:35px;font-weight:700;line-height:1}.elementor-slides .swiper-slide-inner .elementor-slide-description{font-size:17px;line-height:1.4}.elementor-slides .swiper-slide-inner .elementor-slide-description:not(:last-child),.elementor-slides .swiper-slide-inner .elementor-slide-heading:not(:last-child){margin-bottom:30px}.elementor-slides .swiper-slide-inner .elementor-slide-button{border:2px solid #fff;color:#fff;background:transparent;display:inline-block}.elementor-slides .swiper-slide-inner .elementor-slide-button,.elementor-slides .swiper-slide-inner .elementor-slide-button:hover{background:transparent;color:inherit;text-decoration:none}.elementor--v-position-top .swiper-slide-inner{-webkit-box-align:start;-ms-flex-align:start;align-items:flex-start}.elementor--v-position-bottom .swiper-slide-inner{-webkit-box-align:end;-ms-flex-align:end;align-items:flex-end}.elementor--v-position-middle .swiper-slide-inner{-webkit-box-align:center;-ms-flex-align:center;align-items:center}.elementor--h-position-left .swiper-slide-inner{-webkit-box-pack:start;-ms-flex-pack:start;justify-content:flex-start}.elementor--h-position-right .swiper-slide-inner{-webkit-box-pack:end;-ms-flex-pack:end;justify-content:flex-end}.elementor--h-position-center .swiper-slide-inner{-webkit-box-pack:center;-ms-flex-pack:center;justify-content:center}body.rtl .elementor-widget-slides .elementor-swiper-button-next{left:10px;right:auto}body.rtl .elementor-widget-slides .elementor-swiper-button-prev{right:10px;left:auto}.elementor-slides-wrapper div:not(.swiper-slide)>.swiper-slide-inner{display:none}@media (max-width:767px){.elementor-slides .swiper-slide-inner{padding:30px}.elementor-slides .swiper-slide-inner .elementor-slide-heading{font-size:23px;line-height:1;margin-bottom:15px}.elementor-slides .swiper-slide-inner .elementor-slide-description{font-size:13px;line-height:1.4;margin-bottom:15px}}<\/style>\t\t<div class=\"elementor-swiper\">\n\t\t\t<div class=\"elementor-slides-wrapper elementor-main-swiper swiper-container\" dir=\"ltr\" data-animation=\"fadeInDown\">\n\t\t\t\t<div class=\"swiper-wrapper elementor-slides\">\n\t\t\t\t\t\t\t\t\t\t<div class=\"elementor-repeater-item-0708c3b swiper-slide\"><div class=\"swiper-slide-bg\"><\/div><div class=\"elementor-background-overlay\"><\/div><div class=\"swiper-slide-inner\" ><div class=\"swiper-slide-contents\"><div class=\"elementor-slide-heading\">Tocar el cielo con las manos<\/div><div class=\"elementor-slide-description\">El 10 de mayo de 2011 se inaugur\u00f3 el Planetario para personas con discapacidad. \u00a1Desliza y ent\u00e9rate de todos sus m\u00f3dulos!<\/div><\/div><\/div><\/div><div class=\"elementor-repeater-item-0e952f9 swiper-slide\"><div class=\"swiper-slide-bg\"><\/div><div class=\"elementor-background-overlay\"><\/div><a class=\"swiper-slide-inner\" href=\"http:\/\/sion2.frm.utn.edu.ar\/labauger\/wp-content\/uploads\/2023\/06\/Memoria-descriptiva-Planetario-accesible-para-discapacitados-visuales.pdf\"><div class=\"swiper-slide-contents\"><div class=\"elementor-slide-heading\">Planetario Inclusivo<\/div><div class=\"elementor-slide-description\">Memoria Descriptiva:\nConstrucci\u00f3n del nuevo\nplanetario accesible para discapacitados visuales<\/div><div  class=\"elementor-button elementor-slide-button elementor-size-sm\">Click aqu\u00ed<\/div><\/div><\/a><\/div><div class=\"elementor-repeater-item-21005fb swiper-slide\"><div class=\"swiper-slide-bg\"><\/div><div class=\"elementor-background-overlay\"><\/div><a class=\"swiper-slide-inner\" href=\"http:\/\/sion2.frm.utn.edu.ar\/labauger\/wp-content\/uploads\/2023\/06\/IA-Thermal-constellation.V2.ITeDA_.pdf\"><div class=\"swiper-slide-contents\"><div class=\"elementor-slide-heading\">Constelaci\u00f3n t\u00e9rmica <\/div><div class=\"elementor-slide-description\">Relaci\u00f3n Color-Temperatura en las estrellas (Memoria T\u00e9cnica )<\/div><div  class=\"elementor-button elementor-slide-button elementor-size-sm\">Click aqu\u00ed<\/div><\/div><\/a><\/div><div class=\"elementor-repeater-item-673b6e9 swiper-slide\"><div class=\"swiper-slide-bg\"><\/div><div class=\"elementor-background-overlay\"><\/div><div class=\"swiper-slide-inner\" ><div class=\"swiper-slide-contents\"><div class=\"elementor-slide-heading\">B\u00e1scula planetaria<\/div><div class=\"elementor-slide-description\">Una divertida forma de interactuar y aprender sobre nuestro peso en otros lugares del universo<\/div><\/div><\/div><\/div><div class=\"elementor-repeater-item-f2c7101 swiper-slide\"><div class=\"swiper-slide-bg\"><\/div><div class=\"elementor-background-overlay\"><\/div><div class=\"swiper-slide-inner\" ><div class=\"swiper-slide-contents\"><div class=\"elementor-slide-heading\">Superficie de Marte<\/div><div class=\"elementor-slide-description\">Maqueta interactiva de nuestro vecino rojo<\/div><\/div><\/div><\/div><div class=\"elementor-repeater-item-340295d swiper-slide\"><div class=\"swiper-slide-bg\"><\/div><div class=\"elementor-background-overlay\"><\/div><div class=\"swiper-slide-inner\" ><div class=\"swiper-slide-contents\"><div class=\"elementor-slide-heading\">Planetas en 3D<\/div><div class=\"elementor-slide-description\">Maquetas de los planetas elaboradas con impresi\u00f3n 3D<\/div><\/div><\/div><\/div><div class=\"elementor-repeater-item-274e3e4 swiper-slide\"><div class=\"swiper-slide-bg\"><\/div><div class=\"elementor-background-overlay\"><\/div><div class=\"swiper-slide-inner\" ><div class=\"swiper-slide-contents\"><div class=\"elementor-slide-heading\">Carta celeste<\/div><div class=\"elementor-slide-description\">Un mapa de nuestro cielo dise\u00f1ado en sistema braille<\/div><\/div><\/div><\/div><div class=\"elementor-repeater-item-c17bb17 swiper-slide\"><div class=\"swiper-slide-bg\"><\/div><div class=\"elementor-background-overlay\"><\/div><div class=\"swiper-slide-inner\" ><div class=\"swiper-slide-contents\"><div class=\"elementor-slide-heading\">Constelaciones<\/div><div class=\"elementor-slide-description\">Constelaciones con sistema braille dise\u00f1adas e impresas en tecnolog\u00eda 3D<\/div><\/div><\/div><\/div>\t\t\t\t<\/div>\n\t\t\t\t\t\t\t\t\t\t\t\t\t\t\t<div class=\"swiper-pagination\"><\/div>\n\t\t\t\t\t\t\t\t\t\t\t\t\t\t\t\t\t<\/div>\n\t\t<\/div>\n\t\t\t\t<\/div>\n\t\t\t\t<\/div>\n\t\t\t\t\t<\/div>\n\t\t<\/div>\n\t\t\t\t\t\t\t<\/div>\n\t\t<\/section>\n\t\t\t\t\t\t\t<\/div>\n\t\t","protected":false},"excerpt":{"rendered":"<p>Tocar el cielo con las manosEl 10 de mayo de 2011 se inaugur\u00f3 el Planetario para personas con discapacidad. \u00a1Desliza y ent\u00e9rate de todos sus m\u00f3dulos!Planetario InclusivoMemoria Descriptiva: Construcci\u00f3n del nuevo planetario accesible para discapacitados visualesClick aqu\u00edConstelaci\u00f3n t\u00e9rmica Relaci\u00f3n Color-Temperatura en las estrellas (Memoria T\u00e9cnica )Click aqu\u00edB\u00e1scula planetariaUna divertida forma de interactuar y aprender sobre [&hellip;]<\/p>\n","protected":false},"author":1,"featured_media":0,"parent":0,"menu_order":0,"comment_status":"closed","ping_status":"closed","template":"","meta":{"footnotes":""},"class_list":["post-447","page","type-page","status-publish","hentry"],"_links":{"self":[{"href":"https:\/\/sion2.frm.utn.edu.ar\/labauger\/index.php?rest_route=\/wp\/v2\/pages\/447","targetHints":{"allow":["GET"]}}],"collection":[{"href":"https:\/\/sion2.frm.utn.edu.ar\/labauger\/index.php?rest_route=\/wp\/v2\/pages"}],"about":[{"href":"https:\/\/sion2.frm.utn.edu.ar\/labauger\/index.php?rest_route=\/wp\/v2\/types\/page"}],"author":[{"embeddable":true,"href":"https:\/\/sion2.frm.utn.edu.ar\/labauger\/index.php?rest_route=\/wp\/v2\/users\/1"}],"replies":[{"embeddable":true,"href":"https:\/\/sion2.frm.utn.edu.ar\/labauger\/index.php?rest_route=%2Fwp%2Fv2%2Fcomments&post=447"}],"version-history":[{"count":40,"href":"https:\/\/sion2.frm.utn.edu.ar\/labauger\/index.php?rest_route=\/wp\/v2\/pages\/447\/revisions"}],"predecessor-version":[{"id":606,"href":"https:\/\/sion2.frm.utn.edu.ar\/labauger\/index.php?rest_route=\/wp\/v2\/pages\/447\/revisions\/606"}],"wp:attachment":[{"href":"https:\/\/sion2.frm.utn.edu.ar\/labauger\/index.php?rest_route=%2Fwp%2Fv2%2Fmedia&parent=447"}],"curies":[{"name":"wp","href":"https:\/\/api.w.org\/{rel}","templated":true}]}}